{"id":3508,"date":"2021-11-01T19:44:27","date_gmt":"2021-11-01T18:44:27","guid":{"rendered":"https:\/\/renk-magazin.de\/shop\/?post_type=product&#038;p=3508"},"modified":"2022-04-22T18:01:27","modified_gmt":"2022-04-22T16:01:27","slug":"nazar","status":"publish","type":"product","link":"https:\/\/renk-magazin.de\/shop\/produkt\/nazar\/","title":{"rendered":"renk. Nazar Beutel"},"content":{"rendered":"<p>Der Nazar-Jutebeutel f\u00fcr den \u00fcber-b\u00f6sen Blick. Vertreibt garantiert jede Missgunst und Neider!<\/p>\n<p>Kennt ihr das auch: Ihr tragt bereits ein Nazar Boncuk, aber es hilft einfach nicht, da es zu klein ist? Wir haben jetzt die L\u00f6sung: Der Nazar-Jutebeutel f\u00fcr den \u00fcber-b\u00f6sen Blick. Vertreibt garantiert jede Missgunst und Neider! Handgesiebdruckt, mit viel Liebe gemacht und nat\u00fcrlich wie immer limitiert auf eine kleine St\u00fcckzahl. Jedes St\u00fcck ist ein Unikat und nat\u00fcrlich leicht unperfekt.<\/p>\n<p>Ihr unterst\u00fctzt mit dem Kauf eines Beutels unser Magazin. Danke daf\u00fcr!<\/p>\n<p><img loading=\"lazy\" decoding=\"async\" class=\"alignnone size-full wp-image-11466\" src=\"https:\/\/renk-magazin.de\/shop\/wp-content\/uploads\/2018\/09\/Nah-scaled.jpg\" alt=\"\" width=\"2560\" height=\"2560\" srcset=\"https:\/\/renk-magazin.de\/shop\/wp-content\/uploads\/2018\/09\/Nah-scaled.jpg 2560w, https:\/\/renk-magazin.de\/shop\/wp-content\/uploads\/2018\/09\/Nah-300x300.jpg 300w, https:\/\/renk-magazin.de\/shop\/wp-content\/uploads\/2018\/09\/Nah-1024x1024.jpg 1024w, https:\/\/renk-magazin.de\/shop\/wp-content\/uploads\/2018\/09\/Nah-150x150.jpg 150w, https:\/\/renk-magazin.de\/shop\/wp-content\/uploads\/2018\/09\/Nah-768x768.jpg 768w, https:\/\/renk-magazin.de\/shop\/wp-content\/uploads\/2018\/09\/Nah-1536x1536.jpg 1536w, https:\/\/renk-magazin.de\/shop\/wp-content\/uploads\/2018\/09\/Nah-2048x2048.jpg 2048w, https:\/\/renk-magazin.de\/shop\/wp-content\/uploads\/2018\/09\/Nah-600x600.jpg 600w, https:\/\/renk-magazin.de\/shop\/wp-content\/uploads\/2018\/09\/Nah-100x100.jpg 100w\" sizes=\"auto, (max-width: 2560px) 100vw, 2560px\" \/> <img loading=\"lazy\" decoding=\"async\" class=\"alignnone size-full wp-image-11468\" src=\"https:\/\/renk-magazin.de\/shop\/wp-content\/uploads\/2018\/09\/1-scaled.jpg\" alt=\"\" width=\"2560\" height=\"2560\" srcset=\"https:\/\/renk-magazin.de\/shop\/wp-content\/uploads\/2018\/09\/1-scaled.jpg 2560w, https:\/\/renk-magazin.de\/shop\/wp-content\/uploads\/2018\/09\/1-300x300.jpg 300w, https:\/\/renk-magazin.de\/shop\/wp-content\/uploads\/2018\/09\/1-1024x1024.jpg 1024w, https:\/\/renk-magazin.de\/shop\/wp-content\/uploads\/2018\/09\/1-150x150.jpg 150w, https:\/\/renk-magazin.de\/shop\/wp-content\/uploads\/2018\/09\/1-768x768.jpg 768w, https:\/\/renk-magazin.de\/shop\/wp-content\/uploads\/2018\/09\/1-1536x1536.jpg 1536w, https:\/\/renk-magazin.de\/shop\/wp-content\/uploads\/2018\/09\/1-2048x2048.jpg 2048w, https:\/\/renk-magazin.de\/shop\/wp-content\/uploads\/2018\/09\/1-600x600.jpg 600w, https:\/\/renk-magazin.de\/shop\/wp-content\/uploads\/2018\/09\/1-100x100.jpg 100w\" sizes=\"auto, (max-width: 2560px) 100vw, 2560px\" \/> <img loading=\"lazy\" decoding=\"async\" class=\"alignnone size-full wp-image-11465\" src=\"https:\/\/renk-magazin.de\/shop\/wp-content\/uploads\/2018\/09\/3-scaled.jpg\" alt=\"\" width=\"2560\" height=\"2560\" srcset=\"https:\/\/renk-magazin.de\/shop\/wp-content\/uploads\/2018\/09\/3-scaled.jpg 2560w, https:\/\/renk-magazin.de\/shop\/wp-content\/uploads\/2018\/09\/3-300x300.jpg 300w, https:\/\/renk-magazin.de\/shop\/wp-content\/uploads\/2018\/09\/3-1024x1024.jpg 1024w, https:\/\/renk-magazin.de\/shop\/wp-content\/uploads\/2018\/09\/3-150x150.jpg 150w, https:\/\/renk-magazin.de\/shop\/wp-content\/uploads\/2018\/09\/3-768x768.jpg 768w, https:\/\/renk-magazin.de\/shop\/wp-content\/uploads\/2018\/09\/3-1536x1536.jpg 1536w, https:\/\/renk-magazin.de\/shop\/wp-content\/uploads\/2018\/09\/3-2048x2048.jpg 2048w, https:\/\/renk-magazin.de\/shop\/wp-content\/uploads\/2018\/09\/3-600x600.jpg 600w, https:\/\/renk-magazin.de\/shop\/wp-content\/uploads\/2018\/09\/3-100x100.jpg 100w\" sizes=\"auto, (max-width: 2560px) 100vw, 2560px\" \/><\/p>\n<p>Ok, du verstehst nicht was dieses Nazar soll!? Schau hier, wir erkl\u00e4ren es dir. <a href=\"https:\/\/renk-magazin.de\/nazar-der-boese-blick\/\" target=\"_blank\" rel=\"noopener noreferrer\">Guckst du hier.<\/a><\/p>\n<p><em>Waschhinweis: Handw\u00e4sche<\/em><\/p>\n","protected":false},"excerpt":{"rendered":"<p>Lieferzeit: derzeit 10 Werktage<\/p>\n","protected":false},"featured_media":11465,"template":"","meta":[],"product_brand":[],"product_cat":[45],"product_tag":[],"class_list":{"0":"post-3508","1":"product","2":"type-product","3":"status-publish","4":"has-post-thumbnail","6":"product_cat-ueberlebenswichtige-utensilien","7":"product_shipping_class-grossbriefversand","9":"first","10":"instock","11":"taxable","12":"shipping-taxable","13":"purchasable","14":"product-type-simple"},"_links":{"self":[{"href":"https:\/\/renk-magazin.de\/shop\/wp-json\/wp\/v2\/product\/3508","targetHints":{"allow":["GET"]}}],"collection":[{"href":"https:\/\/renk-magazin.de\/shop\/wp-json\/wp\/v2\/product"}],"about":[{"href":"https:\/\/renk-magazin.de\/shop\/wp-json\/wp\/v2\/types\/product"}],"wp:featuredmedia":[{"embeddable":true,"href":"https:\/\/renk-magazin.de\/shop\/wp-json\/wp\/v2\/media\/11465"}],"wp:attachment":[{"href":"https:\/\/renk-magazin.de\/shop\/wp-json\/wp\/v2\/media?parent=3508"}],"wp:term":[{"taxonomy":"product_brand","embeddable":true,"href":"https:\/\/renk-magazin.de\/shop\/wp-json\/wp\/v2\/product_brand?post=3508"},{"taxonomy":"product_cat","embeddable":true,"href":"https:\/\/renk-magazin.de\/shop\/wp-json\/wp\/v2\/product_cat?post=3508"},{"taxonomy":"product_tag","embeddable":true,"href":"https:\/\/renk-magazin.de\/shop\/wp-json\/wp\/v2\/product_tag?post=3508"}],"curies":[{"name":"wp","href":"https:\/\/api.w.org\/{rel}","templated":true}]}}