{"id":10663,"date":"2020-12-01T12:37:25","date_gmt":"2020-12-01T11:37:25","guid":{"rendered":"https:\/\/renk-magazin.de\/shop\/?post_type=product&#038;p=10663"},"modified":"2021-11-29T18:06:10","modified_gmt":"2021-11-29T17:06:10","slug":"ausgabe-1-oha-e-paper-link","status":"publish","type":"product","link":"https:\/\/renk-magazin.de\/shop\/produkt\/ausgabe-1-oha-e-paper-link\/","title":{"rendered":"Ausgabe #1 OHA! (E-PAPER LINK!)"},"content":{"rendered":"<p>Die erste Ausgabe war innerhalb von einem Monat ausverkauft. Nachdem immer mal wieder gefragt wurde holen wir Ausgabe eins aus dem verstaubten Archiv und lassen sie auf dem Bildschirm als E-Paper wieder aufleben, denn die Fotostrecken und Artikel sind absolut zeitlos. Der Gewinn des Magazins fliesst zu 100% in unsere sonst ehrenamtliche Arbeit und damit unterst\u00fctzt du die n\u00e4chste Antisrassismus- und Antidsikrimminierungskampagne f\u00fcr renk..<\/p>\n<p><strong>Zweihundert Seiten geballte Anti-Klischee-Power!<\/strong><\/p>\n<p>16,5 x 24 cm<br \/>\n194 Seiten<br \/>\n20 Stories<\/p>\n<p>1-3 Werktage nach dem Kauf wirst du einen Link zu einer Online Plattform erhalten, bei der du das Magazin dann lesen kannst. Wir machen alles per Hand und hoffen auf deine Geduld.<\/p>\n<p>Deine renklis!<\/p>\n<p><img loading=\"lazy\" decoding=\"async\" class=\"aligncenter wp-image-10678 size-full\" src=\"https:\/\/renk-magazin.de\/shop\/wp-content\/uploads\/2020\/12\/renk-eins-epaper_25-scaled.jpg\" alt=\"\" width=\"2560\" height=\"1553\" srcset=\"https:\/\/renk-magazin.de\/shop\/wp-content\/uploads\/2020\/12\/renk-eins-epaper_25-scaled.jpg 2560w, https:\/\/renk-magazin.de\/shop\/wp-content\/uploads\/2020\/12\/renk-eins-epaper_25-300x182.jpg 300w, https:\/\/renk-magazin.de\/shop\/wp-content\/uploads\/2020\/12\/renk-eins-epaper_25-1024x621.jpg 1024w, https:\/\/renk-magazin.de\/shop\/wp-content\/uploads\/2020\/12\/renk-eins-epaper_25-768x466.jpg 768w, https:\/\/renk-magazin.de\/shop\/wp-content\/uploads\/2020\/12\/renk-eins-epaper_25-1536x932.jpg 1536w, https:\/\/renk-magazin.de\/shop\/wp-content\/uploads\/2020\/12\/renk-eins-epaper_25-2048x1243.jpg 2048w, https:\/\/renk-magazin.de\/shop\/wp-content\/uploads\/2020\/12\/renk-eins-epaper_25-600x364.jpg 600w\" sizes=\"auto, (max-width: 2560px) 100vw, 2560px\" \/> <img loading=\"lazy\" decoding=\"async\" class=\"aligncenter wp-image-10677 size-full\" src=\"https:\/\/renk-magazin.de\/shop\/wp-content\/uploads\/2020\/12\/renk-eins-epaper_24-scaled.jpg\" alt=\"\" width=\"2560\" height=\"1553\" srcset=\"https:\/\/renk-magazin.de\/shop\/wp-content\/uploads\/2020\/12\/renk-eins-epaper_24-scaled.jpg 2560w, https:\/\/renk-magazin.de\/shop\/wp-content\/uploads\/2020\/12\/renk-eins-epaper_24-300x182.jpg 300w, https:\/\/renk-magazin.de\/shop\/wp-content\/uploads\/2020\/12\/renk-eins-epaper_24-1024x621.jpg 1024w, https:\/\/renk-magazin.de\/shop\/wp-content\/uploads\/2020\/12\/renk-eins-epaper_24-768x466.jpg 768w, https:\/\/renk-magazin.de\/shop\/wp-content\/uploads\/2020\/12\/renk-eins-epaper_24-1536x932.jpg 1536w, https:\/\/renk-magazin.de\/shop\/wp-content\/uploads\/2020\/12\/renk-eins-epaper_24-2048x1243.jpg 2048w, https:\/\/renk-magazin.de\/shop\/wp-content\/uploads\/2020\/12\/renk-eins-epaper_24-600x364.jpg 600w\" sizes=\"auto, (max-width: 2560px) 100vw, 2560px\" \/> <img loading=\"lazy\" decoding=\"async\" class=\"aligncenter wp-image-10676 size-full\" src=\"https:\/\/renk-magazin.de\/shop\/wp-content\/uploads\/2020\/12\/renk-eins-epaper_23-scaled.jpg\" alt=\"\" width=\"2560\" height=\"1553\" srcset=\"https:\/\/renk-magazin.de\/shop\/wp-content\/uploads\/2020\/12\/renk-eins-epaper_23-scaled.jpg 2560w, https:\/\/renk-magazin.de\/shop\/wp-content\/uploads\/2020\/12\/renk-eins-epaper_23-300x182.jpg 300w, https:\/\/renk-magazin.de\/shop\/wp-content\/uploads\/2020\/12\/renk-eins-epaper_23-1024x621.jpg 1024w, https:\/\/renk-magazin.de\/shop\/wp-content\/uploads\/2020\/12\/renk-eins-epaper_23-768x466.jpg 768w, https:\/\/renk-magazin.de\/shop\/wp-content\/uploads\/2020\/12\/renk-eins-epaper_23-1536x932.jpg 1536w, https:\/\/renk-magazin.de\/shop\/wp-content\/uploads\/2020\/12\/renk-eins-epaper_23-2048x1243.jpg 2048w, https:\/\/renk-magazin.de\/shop\/wp-content\/uploads\/2020\/12\/renk-eins-epaper_23-600x364.jpg 600w\" sizes=\"auto, (max-width: 2560px) 100vw, 2560px\" \/> <img loading=\"lazy\" decoding=\"async\" class=\"aligncenter wp-image-10675 size-full\" src=\"https:\/\/renk-magazin.de\/shop\/wp-content\/uploads\/2020\/12\/renk-eins-epaper_22-scaled.jpg\" alt=\"\" width=\"2560\" height=\"1553\" srcset=\"https:\/\/renk-magazin.de\/shop\/wp-content\/uploads\/2020\/12\/renk-eins-epaper_22-scaled.jpg 2560w, https:\/\/renk-magazin.de\/shop\/wp-content\/uploads\/2020\/12\/renk-eins-epaper_22-300x182.jpg 300w, https:\/\/renk-magazin.de\/shop\/wp-content\/uploads\/2020\/12\/renk-eins-epaper_22-1024x621.jpg 1024w, https:\/\/renk-magazin.de\/shop\/wp-content\/uploads\/2020\/12\/renk-eins-epaper_22-768x466.jpg 768w, https:\/\/renk-magazin.de\/shop\/wp-content\/uploads\/2020\/12\/renk-eins-epaper_22-1536x932.jpg 1536w, https:\/\/renk-magazin.de\/shop\/wp-content\/uploads\/2020\/12\/renk-eins-epaper_22-2048x1243.jpg 2048w, https:\/\/renk-magazin.de\/shop\/wp-content\/uploads\/2020\/12\/renk-eins-epaper_22-600x364.jpg 600w\" sizes=\"auto, (max-width: 2560px) 100vw, 2560px\" \/> <img loading=\"lazy\" decoding=\"async\" class=\"aligncenter wp-image-10674 size-full\" src=\"https:\/\/renk-magazin.de\/shop\/wp-content\/uploads\/2020\/12\/renk-eins-epaper_16-scaled.jpg\" alt=\"\" width=\"2560\" height=\"1553\" srcset=\"https:\/\/renk-magazin.de\/shop\/wp-content\/uploads\/2020\/12\/renk-eins-epaper_16-scaled.jpg 2560w, https:\/\/renk-magazin.de\/shop\/wp-content\/uploads\/2020\/12\/renk-eins-epaper_16-300x182.jpg 300w, https:\/\/renk-magazin.de\/shop\/wp-content\/uploads\/2020\/12\/renk-eins-epaper_16-1024x621.jpg 1024w, https:\/\/renk-magazin.de\/shop\/wp-content\/uploads\/2020\/12\/renk-eins-epaper_16-768x466.jpg 768w, https:\/\/renk-magazin.de\/shop\/wp-content\/uploads\/2020\/12\/renk-eins-epaper_16-1536x932.jpg 1536w, https:\/\/renk-magazin.de\/shop\/wp-content\/uploads\/2020\/12\/renk-eins-epaper_16-2048x1243.jpg 2048w, https:\/\/renk-magazin.de\/shop\/wp-content\/uploads\/2020\/12\/renk-eins-epaper_16-600x364.jpg 600w\" sizes=\"auto, (max-width: 2560px) 100vw, 2560px\" \/> <img loading=\"lazy\" decoding=\"async\" class=\"aligncenter wp-image-10673 size-full\" src=\"https:\/\/renk-magazin.de\/shop\/wp-content\/uploads\/2020\/12\/renk-eins-epaper_14-scaled.jpg\" alt=\"\" width=\"2560\" height=\"1553\" srcset=\"https:\/\/renk-magazin.de\/shop\/wp-content\/uploads\/2020\/12\/renk-eins-epaper_14-scaled.jpg 2560w, https:\/\/renk-magazin.de\/shop\/wp-content\/uploads\/2020\/12\/renk-eins-epaper_14-300x182.jpg 300w, https:\/\/renk-magazin.de\/shop\/wp-content\/uploads\/2020\/12\/renk-eins-epaper_14-1024x621.jpg 1024w, https:\/\/renk-magazin.de\/shop\/wp-content\/uploads\/2020\/12\/renk-eins-epaper_14-768x466.jpg 768w, https:\/\/renk-magazin.de\/shop\/wp-content\/uploads\/2020\/12\/renk-eins-epaper_14-1536x932.jpg 1536w, https:\/\/renk-magazin.de\/shop\/wp-content\/uploads\/2020\/12\/renk-eins-epaper_14-2048x1243.jpg 2048w, https:\/\/renk-magazin.de\/shop\/wp-content\/uploads\/2020\/12\/renk-eins-epaper_14-600x364.jpg 600w\" sizes=\"auto, (max-width: 2560px) 100vw, 2560px\" \/> <img loading=\"lazy\" decoding=\"async\" class=\"aligncenter wp-image-10672 size-full\" src=\"https:\/\/renk-magazin.de\/shop\/wp-content\/uploads\/2020\/12\/renk-eins-epaper_13-scaled.jpg\" alt=\"\" width=\"2560\" height=\"1553\" srcset=\"https:\/\/renk-magazin.de\/shop\/wp-content\/uploads\/2020\/12\/renk-eins-epaper_13-scaled.jpg 2560w, https:\/\/renk-magazin.de\/shop\/wp-content\/uploads\/2020\/12\/renk-eins-epaper_13-300x182.jpg 300w, https:\/\/renk-magazin.de\/shop\/wp-content\/uploads\/2020\/12\/renk-eins-epaper_13-1024x621.jpg 1024w, https:\/\/renk-magazin.de\/shop\/wp-content\/uploads\/2020\/12\/renk-eins-epaper_13-768x466.jpg 768w, https:\/\/renk-magazin.de\/shop\/wp-content\/uploads\/2020\/12\/renk-eins-epaper_13-1536x932.jpg 1536w, https:\/\/renk-magazin.de\/shop\/wp-content\/uploads\/2020\/12\/renk-eins-epaper_13-2048x1243.jpg 2048w, https:\/\/renk-magazin.de\/shop\/wp-content\/uploads\/2020\/12\/renk-eins-epaper_13-600x364.jpg 600w\" sizes=\"auto, (max-width: 2560px) 100vw, 2560px\" \/> <img loading=\"lazy\" decoding=\"async\" class=\"aligncenter wp-image-10671 size-full\" src=\"https:\/\/renk-magazin.de\/shop\/wp-content\/uploads\/2020\/12\/renk-eins-epaper_12-scaled.jpg\" alt=\"\" width=\"2560\" height=\"1553\" srcset=\"https:\/\/renk-magazin.de\/shop\/wp-content\/uploads\/2020\/12\/renk-eins-epaper_12-scaled.jpg 2560w, https:\/\/renk-magazin.de\/shop\/wp-content\/uploads\/2020\/12\/renk-eins-epaper_12-300x182.jpg 300w, https:\/\/renk-magazin.de\/shop\/wp-content\/uploads\/2020\/12\/renk-eins-epaper_12-1024x621.jpg 1024w, https:\/\/renk-magazin.de\/shop\/wp-content\/uploads\/2020\/12\/renk-eins-epaper_12-768x466.jpg 768w, https:\/\/renk-magazin.de\/shop\/wp-content\/uploads\/2020\/12\/renk-eins-epaper_12-1536x932.jpg 1536w, https:\/\/renk-magazin.de\/shop\/wp-content\/uploads\/2020\/12\/renk-eins-epaper_12-2048x1243.jpg 2048w, https:\/\/renk-magazin.de\/shop\/wp-content\/uploads\/2020\/12\/renk-eins-epaper_12-600x364.jpg 600w\" sizes=\"auto, (max-width: 2560px) 100vw, 2560px\" \/> <img loading=\"lazy\" decoding=\"async\" class=\"aligncenter wp-image-10670 size-full\" src=\"https:\/\/renk-magazin.de\/shop\/wp-content\/uploads\/2020\/12\/renk-eins-epaper_9-scaled.jpg\" alt=\"\" width=\"2560\" height=\"1553\" srcset=\"https:\/\/renk-magazin.de\/shop\/wp-content\/uploads\/2020\/12\/renk-eins-epaper_9-scaled.jpg 2560w, https:\/\/renk-magazin.de\/shop\/wp-content\/uploads\/2020\/12\/renk-eins-epaper_9-300x182.jpg 300w, https:\/\/renk-magazin.de\/shop\/wp-content\/uploads\/2020\/12\/renk-eins-epaper_9-1024x621.jpg 1024w, https:\/\/renk-magazin.de\/shop\/wp-content\/uploads\/2020\/12\/renk-eins-epaper_9-768x466.jpg 768w, https:\/\/renk-magazin.de\/shop\/wp-content\/uploads\/2020\/12\/renk-eins-epaper_9-1536x932.jpg 1536w, https:\/\/renk-magazin.de\/shop\/wp-content\/uploads\/2020\/12\/renk-eins-epaper_9-2048x1243.jpg 2048w, https:\/\/renk-magazin.de\/shop\/wp-content\/uploads\/2020\/12\/renk-eins-epaper_9-600x364.jpg 600w\" sizes=\"auto, (max-width: 2560px) 100vw, 2560px\" \/> <img loading=\"lazy\" decoding=\"async\" class=\"aligncenter wp-image-10669 size-full\" src=\"https:\/\/renk-magazin.de\/shop\/wp-content\/uploads\/2020\/12\/renk-eins-epaper_7-scaled.jpg\" alt=\"\" width=\"2560\" height=\"1553\" srcset=\"https:\/\/renk-magazin.de\/shop\/wp-content\/uploads\/2020\/12\/renk-eins-epaper_7-scaled.jpg 2560w, https:\/\/renk-magazin.de\/shop\/wp-content\/uploads\/2020\/12\/renk-eins-epaper_7-300x182.jpg 300w, https:\/\/renk-magazin.de\/shop\/wp-content\/uploads\/2020\/12\/renk-eins-epaper_7-1024x621.jpg 1024w, https:\/\/renk-magazin.de\/shop\/wp-content\/uploads\/2020\/12\/renk-eins-epaper_7-768x466.jpg 768w, https:\/\/renk-magazin.de\/shop\/wp-content\/uploads\/2020\/12\/renk-eins-epaper_7-1536x932.jpg 1536w, https:\/\/renk-magazin.de\/shop\/wp-content\/uploads\/2020\/12\/renk-eins-epaper_7-2048x1243.jpg 2048w, https:\/\/renk-magazin.de\/shop\/wp-content\/uploads\/2020\/12\/renk-eins-epaper_7-600x364.jpg 600w\" sizes=\"auto, (max-width: 2560px) 100vw, 2560px\" \/> <img loading=\"lazy\" decoding=\"async\" class=\"aligncenter wp-image-10668 size-full\" src=\"https:\/\/renk-magazin.de\/shop\/wp-content\/uploads\/2020\/12\/renk-eins-epaper_6-scaled.jpg\" alt=\"\" width=\"2560\" height=\"1553\" srcset=\"https:\/\/renk-magazin.de\/shop\/wp-content\/uploads\/2020\/12\/renk-eins-epaper_6-scaled.jpg 2560w, https:\/\/renk-magazin.de\/shop\/wp-content\/uploads\/2020\/12\/renk-eins-epaper_6-300x182.jpg 300w, https:\/\/renk-magazin.de\/shop\/wp-content\/uploads\/2020\/12\/renk-eins-epaper_6-1024x621.jpg 1024w, https:\/\/renk-magazin.de\/shop\/wp-content\/uploads\/2020\/12\/renk-eins-epaper_6-768x466.jpg 768w, https:\/\/renk-magazin.de\/shop\/wp-content\/uploads\/2020\/12\/renk-eins-epaper_6-1536x932.jpg 1536w, https:\/\/renk-magazin.de\/shop\/wp-content\/uploads\/2020\/12\/renk-eins-epaper_6-2048x1243.jpg 2048w, https:\/\/renk-magazin.de\/shop\/wp-content\/uploads\/2020\/12\/renk-eins-epaper_6-600x364.jpg 600w\" sizes=\"auto, (max-width: 2560px) 100vw, 2560px\" \/> <img loading=\"lazy\" decoding=\"async\" class=\"aligncenter wp-image-10667 size-full\" src=\"https:\/\/renk-magazin.de\/shop\/wp-content\/uploads\/2020\/12\/renk-eins-epaper_5-scaled.jpg\" alt=\"\" width=\"2560\" height=\"1553\" srcset=\"https:\/\/renk-magazin.de\/shop\/wp-content\/uploads\/2020\/12\/renk-eins-epaper_5-scaled.jpg 2560w, https:\/\/renk-magazin.de\/shop\/wp-content\/uploads\/2020\/12\/renk-eins-epaper_5-300x182.jpg 300w, https:\/\/renk-magazin.de\/shop\/wp-content\/uploads\/2020\/12\/renk-eins-epaper_5-1024x621.jpg 1024w, https:\/\/renk-magazin.de\/shop\/wp-content\/uploads\/2020\/12\/renk-eins-epaper_5-768x466.jpg 768w, https:\/\/renk-magazin.de\/shop\/wp-content\/uploads\/2020\/12\/renk-eins-epaper_5-1536x932.jpg 1536w, https:\/\/renk-magazin.de\/shop\/wp-content\/uploads\/2020\/12\/renk-eins-epaper_5-2048x1243.jpg 2048w, https:\/\/renk-magazin.de\/shop\/wp-content\/uploads\/2020\/12\/renk-eins-epaper_5-600x364.jpg 600w\" sizes=\"auto, (max-width: 2560px) 100vw, 2560px\" \/> <img loading=\"lazy\" decoding=\"async\" class=\"aligncenter wp-image-10666 size-full\" src=\"https:\/\/renk-magazin.de\/shop\/wp-content\/uploads\/2020\/12\/renk-eins-epaper_2-scaled.jpg\" alt=\"\" width=\"2560\" height=\"1553\" srcset=\"https:\/\/renk-magazin.de\/shop\/wp-content\/uploads\/2020\/12\/renk-eins-epaper_2-scaled.jpg 2560w, https:\/\/renk-magazin.de\/shop\/wp-content\/uploads\/2020\/12\/renk-eins-epaper_2-300x182.jpg 300w, https:\/\/renk-magazin.de\/shop\/wp-content\/uploads\/2020\/12\/renk-eins-epaper_2-1024x621.jpg 1024w, https:\/\/renk-magazin.de\/shop\/wp-content\/uploads\/2020\/12\/renk-eins-epaper_2-768x466.jpg 768w, https:\/\/renk-magazin.de\/shop\/wp-content\/uploads\/2020\/12\/renk-eins-epaper_2-1536x932.jpg 1536w, https:\/\/renk-magazin.de\/shop\/wp-content\/uploads\/2020\/12\/renk-eins-epaper_2-2048x1243.jpg 2048w, https:\/\/renk-magazin.de\/shop\/wp-content\/uploads\/2020\/12\/renk-eins-epaper_2-600x364.jpg 600w\" sizes=\"auto, (max-width: 2560px) 100vw, 2560px\" \/> <img loading=\"lazy\" decoding=\"async\" class=\"aligncenter wp-image-10665 size-full\" src=\"https:\/\/renk-magazin.de\/shop\/wp-content\/uploads\/2020\/12\/renk-eins-epaper_1-scaled.jpg\" alt=\"\" width=\"2560\" height=\"1553\" srcset=\"https:\/\/renk-magazin.de\/shop\/wp-content\/uploads\/2020\/12\/renk-eins-epaper_1-scaled.jpg 2560w, https:\/\/renk-magazin.de\/shop\/wp-content\/uploads\/2020\/12\/renk-eins-epaper_1-300x182.jpg 300w, https:\/\/renk-magazin.de\/shop\/wp-content\/uploads\/2020\/12\/renk-eins-epaper_1-1024x621.jpg 1024w, https:\/\/renk-magazin.de\/shop\/wp-content\/uploads\/2020\/12\/renk-eins-epaper_1-768x466.jpg 768w, https:\/\/renk-magazin.de\/shop\/wp-content\/uploads\/2020\/12\/renk-eins-epaper_1-1536x932.jpg 1536w, https:\/\/renk-magazin.de\/shop\/wp-content\/uploads\/2020\/12\/renk-eins-epaper_1-2048x1243.jpg 2048w, https:\/\/renk-magazin.de\/shop\/wp-content\/uploads\/2020\/12\/renk-eins-epaper_1-600x364.jpg 600w\" sizes=\"auto, (max-width: 2560px) 100vw, 2560px\" \/><\/p>\n","protected":false},"excerpt":{"rendered":"<p>Die erste Ausgabe war innerhalb von einem Monat ausverkauft. Nachdem immer mal wieder gefragt wurde holen wir Ausgabe eins aus dem verstaubten Archiv und lassen sie auf dem Bildschirm als E-Paper wieder aufleben, denn die Fotostrecken und Artikel sind absolut zeitlos. Der Gewinn des Magazins fliesst zu 100% in unsere sonst ehrenamtliche Arbeit und damit [&hellip;]<\/p>\n","protected":false},"featured_media":10680,"template":"","meta":[],"product_brand":[],"product_cat":[64],"product_tag":[62],"class_list":{"0":"post-10663","1":"product","2":"type-product","3":"status-publish","4":"has-post-thumbnail","6":"product_cat-magazin","7":"product_tag-renk-eins","9":"first","10":"instock","11":"virtual","12":"taxable","13":"purchasable","14":"product-type-simple"},"_links":{"self":[{"href":"https:\/\/renk-magazin.de\/shop\/wp-json\/wp\/v2\/product\/10663","targetHints":{"allow":["GET"]}}],"collection":[{"href":"https:\/\/renk-magazin.de\/shop\/wp-json\/wp\/v2\/product"}],"about":[{"href":"https:\/\/renk-magazin.de\/shop\/wp-json\/wp\/v2\/types\/product"}],"wp:featuredmedia":[{"embeddable":true,"href":"https:\/\/renk-magazin.de\/shop\/wp-json\/wp\/v2\/media\/10680"}],"wp:attachment":[{"href":"https:\/\/renk-magazin.de\/shop\/wp-json\/wp\/v2\/media?parent=10663"}],"wp:term":[{"taxonomy":"product_brand","embeddable":true,"href":"https:\/\/renk-magazin.de\/shop\/wp-json\/wp\/v2\/product_brand?post=10663"},{"taxonomy":"product_cat","embeddable":true,"href":"https:\/\/renk-magazin.de\/shop\/wp-json\/wp\/v2\/product_cat?post=10663"},{"taxonomy":"product_tag","embeddable":true,"href":"https:\/\/renk-magazin.de\/shop\/wp-json\/wp\/v2\/product_tag?post=10663"}],"curies":[{"name":"wp","href":"https:\/\/api.w.org\/{rel}","templated":true}]}}