{"id":9,"date":"2017-11-04T15:03:57","date_gmt":"2017-11-04T14:03:57","guid":{"rendered":"https:\/\/renk-magazin.de\/shop\/impressum\/"},"modified":"2019-07-22T20:36:25","modified_gmt":"2019-07-22T18:36:25","slug":"impressum","status":"publish","type":"page","link":"https:\/\/renk-magazin.de\/shop\/impressum\/","title":{"rendered":"Impressum"},"content":{"rendered":"<p>Gesetzliche Anbieterkennung:<br \/>\n<a href=\"http:\/\/buero-farbe.de\" target=\"_blank\" rel=\"noopener noreferrer\"><strong>B\u00dcRO FARBE<\/strong><\/a><br \/>\nKarakus \/ Schuster UG<br \/>\nvertreten durch die Gesch\u00e4ftsf\u00fchrer: Melisa Karakus, Danny Schuster<br \/>\nLiebenwalder Stra\u00dfe 1<br \/>\n13347 Berlin<br \/>\nDeutschland<\/p>\n<p>E-Mail: bestellen@renk-magazin.de<br \/>\nmobil: 0176 811 890 46<\/p>\n<p>Alternative Streitbeilegung:<br \/>\nDie Europ\u00e4ische Kommission stellt eine Plattform f\u00fcr die au\u00dfergerichtliche Online-Streitbeilegung (OS-Plattform) bereit, aufrufbar unter https:\/\/ec.europa.eu\/odr (https:\/\/ec.europa.eu\/odr).<\/p>\n<p>Wir sind seit 04.11.2017 Mitglied der Initiative &#8222;FairCommerce&#8220;.<br \/>\nN\u00e4here Informationen hierzu finden Sie unter www.fair-commerce.de.<br \/>\n<div class=\"woocommerce woocommerce-gzd woocommerce-gzd-complaints-shortcode\">\n\t\t\t<h3>Alternative Streitbeilegung gem\u00e4\u00df Art. 14 Abs. 1 ODR-VO und \u00a7 36 VSBG:<\/h3>\n\t\nZur Teilnahme an einem Streitbeilegungsverfahren vor einer Verbraucherschlichtungsstelle sind wir nicht verpflichtet und nicht bereit.<\/div><\/p>\n","protected":false},"excerpt":{"rendered":"<p>Gesetzliche Anbieterkennung: B\u00dcRO FARBE Karakus \/ Schuster UG vertreten durch die Gesch\u00e4ftsf\u00fchrer: Melisa Karakus, Danny Schuster Liebenwalder Stra\u00dfe 1 13347 Berlin Deutschland E-Mail: bestellen@renk-magazin.de mobil: 0176 811 890 46 Alternative Streitbeilegung: Die Europ\u00e4ische Kommission stellt eine Plattform f\u00fcr die au\u00dfergerichtliche Online-Streitbeilegung (OS-Plattform) bereit, aufrufbar unter https:\/\/ec.europa.eu\/odr (https:\/\/ec.europa.eu\/odr). Wir sind seit 04.11.2017 Mitglied der Initiative &#8222;FairCommerce&#8220;. [&hellip;]<\/p>\n","protected":false},"author":2,"featured_media":0,"parent":0,"menu_order":0,"comment_status":"closed","ping_status":"closed","template":"","meta":{"footnotes":""},"class_list":["post-9","page","type-page","status-publish","hentry"],"_links":{"self":[{"href":"https:\/\/renk-magazin.de\/shop\/wp-json\/wp\/v2\/pages\/9","targetHints":{"allow":["GET"]}}],"collection":[{"href":"https:\/\/renk-magazin.de\/shop\/wp-json\/wp\/v2\/pages"}],"about":[{"href":"https:\/\/renk-magazin.de\/shop\/wp-json\/wp\/v2\/types\/page"}],"author":[{"embeddable":true,"href":"https:\/\/renk-magazin.de\/shop\/wp-json\/wp\/v2\/users\/2"}],"replies":[{"embeddable":true,"href":"https:\/\/renk-magazin.de\/shop\/wp-json\/wp\/v2\/comments?post=9"}],"version-history":[{"count":4,"href":"https:\/\/renk-magazin.de\/shop\/wp-json\/wp\/v2\/pages\/9\/revisions"}],"predecessor-version":[{"id":7190,"href":"https:\/\/renk-magazin.de\/shop\/wp-json\/wp\/v2\/pages\/9\/revisions\/7190"}],"wp:attachment":[{"href":"https:\/\/renk-magazin.de\/shop\/wp-json\/wp\/v2\/media?parent=9"}],"curies":[{"name":"wp","href":"https:\/\/api.w.org\/{rel}","templated":true}]}}