{"id":8,"date":"2017-11-04T15:03:57","date_gmt":"2017-11-04T14:03:57","guid":{"rendered":"https:\/\/renk-magazin.de\/shop\/datenschutzbelehrung\/"},"modified":"2018-05-28T09:52:47","modified_gmt":"2018-05-28T07:52:47","slug":"datenschutzerklaerung","status":"publish","type":"page","link":"https:\/\/renk-magazin.de\/shop\/datenschutzerklaerung\/","title":{"rendered":"Datenschutzerkl\u00e4rung"},"content":{"rendered":"<p class=\"p3\"><span class=\"s1\">Soweit nachstehend keine anderen Angaben gemacht werden, ist die Bereitstellung Ihrer personenbezogenen Daten weder gesetzlich oder vertraglich vorgeschrieben, noch f\u00fcr einen Vertragsabschluss erforderlich. Sie sind zur Bereitstellung der Daten nicht verpflichtet. Eine Nichtbereitstellung hat keine Folgen. Dies gilt nur soweit bei den nachfolgenden Verarbeitungsvorg\u00e4ngen keine anderweitige Angabe gemacht wird.<\/span><\/p>\n<p class=\"p3\"><span class=\"s1\">&#8222;Personenbezogene Daten&#8220; sind alle Informationen, die sich auf eine identifizierte oder identifizierbare nat\u00fcrliche Person beziehen.<\/span><\/p>\n<p class=\"p3\"><span class=\"s1\"><b>Server-Logfiles<\/b><\/span><\/p>\n<p class=\"p3\"><span class=\"s1\">Sie k\u00f6nnen unsere Webseiten besuchen, ohne Angaben zu Ihrer Person zu machen. Es werden bei jedem Zugriff auf unsere Website Nutzungsdaten durch Ihren Internetbrowser \u00fcbermittelt und in Protokolldaten (Server-Logfiles) gespeichert. Zu diesen gespeicherten Daten geh\u00f6ren z.B. Name der aufgerufenen Seite, Datum und Uhrzeit des Abrufs, \u00fcbertragene Datenmenge und der anfragende Provider. Diese Daten dienen ausschlie\u00dflich der Gew\u00e4hrleistung eines st\u00f6rungsfreien Betriebs unserer Website und zur Verbesserung unseres Angebotes. Eine Zuordnung dieser Daten zu einer bestimmten Person ist nicht m\u00f6glich.<\/span><\/p>\n<p class=\"p3\"><span class=\"s1\"><b>Erhebung, Verarbeitung und Nutzung personenbezogener Daten bei Bestellungen <\/b><\/span><\/p>\n<p class=\"p3\"><span class=\"s1\">Bei der Bestellung erheben und verwenden wir Ihre personenbezogenen Daten nur, soweit dies zur Erf\u00fcllung und Abwicklung Ihrer Bestellung sowie zur Bearbeitung Ihrer Anfragen erforderlich ist. Die Bereitstellung der Daten ist f\u00fcr den Vertragsschluss erforderlich. Eine Nichtbereitstellung hat zur Folge, dass kein Vertrag geschlossen werden kann. Die Verarbeitung erfolgt auf Grundlage des Art. 6 (1) lit. b DSGVO und ist f\u00fcr die Erf\u00fcllung eines Vertrags mit Ihnen erforderlich. Eine Weitergabe Ihrer Daten an Dritte ohne Ihre ausdr\u00fcckliche Einwilligung erfolgt nicht. Ausgenommen hiervon sind lediglich unsere Dienstleistungspartner, die wir zur Abwicklung des Vertragsverh\u00e4ltnisses ben\u00f6tigen oder Dienstleister derer wir uns im Rahmen einer Auftragsverarbeitung bedienen. Neben den in den jeweiligen Klauseln dieser Datenschutzerkl\u00e4rung benannten Empf\u00e4ngern sind dies beispielsweise Empf\u00e4nger folgender Kategorien: Versanddienstleister, Zahlungsdienstleister, Warenwirtschaftsdienstleister, Diensteanbieter f\u00fcr die Bestellabwicklung, Webhoster, IT-Dienstleister und Dropshipping H\u00e4ndler. In allen F\u00e4llen beachten wir strikt die gesetzlichen Vorgaben. Der Umfang der Daten\u00fcbermittlung beschr\u00e4nkt sich auf ein Mindestma\u00df.<\/span><\/p>\n<p class=\"p3\"><span class=\"s1\"><b>Verwendung von PayPal<\/b><\/span><\/p>\n<p class=\"p3\"><span class=\"s1\">Alle PayPal-Transaktionen unterliegen der PayPal-Datenschutzerkl\u00e4rung. Diese finden Sie unter <a href=\"https:\/\/www.paypal.com\/de\/webapps\/mpp\/ua\/privacy-prev?locale.x=de_DE\"><span class=\"s2\">https:\/\/www.paypal.com\/de\/webapps\/mpp\/ua\/privacy-prev?locale.x=de_DE<\/span><\/a><\/span><\/p>\n<p class=\"p3\"><span class=\"s1\"><b>Cookies <\/b><\/span><\/p>\n<p class=\"p3\"><span class=\"s1\">Unsere Website verwendet Cookies. Cookies sind kleine Textdateien, die im Internetbrowser bzw. vom Internetbrowser auf dem Computersystem eines Nutzers gespeichert werden. Ruft ein Nutzer eine Website auf, so kann ein Cookie auf dem Betriebssystem des Nutzers gespeichert werden. Dieser Cookie enth\u00e4lt eine charakteristische Zeichenfolge, die eine eindeutige Identifizierung des Browsers beim erneuten Aufrufen der Website erm\u00f6glicht. Wir setzen Cookies zu dem Zweck ein, unser Angebot nutzerfreundlicher, effektiver und sicherer zu machen. Des Weiteren erm\u00f6glichen Cookies unseren Systemen, Ihren Browser auch nach einem Seitenwechsel zu erkennen und Ihnen Services anzubieten. Einige Funktionen unserer Internetseite k\u00f6nnen ohne den Einsatz von Cookies nicht angeboten werden. F\u00fcr diese ist es erforderlich, dass der Browser auch nach einem Seitenwechsel wiedererkannt wird.<\/span><\/p>\n<p class=\"p3\"><span class=\"s1\">Wir verwenden auf unserer Website dar\u00fcber hinaus Cookies zu dem Zweck, eine Analyse des Surfverhaltens unserer Seitenbesucher zu erm\u00f6glichen.<\/span><\/p>\n<p class=\"p3\"><span class=\"s1\">Die Verarbeitung erfolgt auf Grundlage des \u00a7 15 (3) TMG sowie Art. 6 (1) lit. f DSGVO aus dem berechtigten Interesse an den oben genannten Zwecken.<\/span><\/p>\n<p class=\"p3\"><span class=\"s1\">Die auf diese Weise von Ihnen erhobenen Daten werden durch technische Vorkehrungen pseudonymisiert. Eine Zuordnung der Daten zu Ihrer Person ist daher nicht mehr m\u00f6glich. Die Daten werden nicht gemeinsam mit sonstigen personenbezogenen Daten von Ihnen gespeichert.<\/span><\/p>\n<p class=\"p3\"><span class=\"s1\"><i>Sie haben das Recht aus Gr\u00fcnden, die sich aus Ihrer besonderen Situation ergeben, jederzeit dieser auf Art. 6 (1) f DSGVO beruhenden Verarbeitung Sie betreffender personenbezogener Daten zu widersprechen.<\/i><\/span><\/p>\n<p class=\"p3\"><span class=\"s1\">Cookies werden auf Ihrem Rechner gespeichert. Daher haben Sie die volle Kontrolle \u00fcber die Verwendung von Cookies. Durch die Auswahl entsprechender technischer Einstellungen in Ihrem Internetbrowser k\u00f6nnen Sie die Speicherung der Cookies und \u00dcbermittlung der enthaltenen Daten verhindern. Bereits gespeicherte Cookies k\u00f6nnen jederzeit gel\u00f6scht werden. Wir weisen Sie jedoch darauf hin, dass Sie dann gegebenenfalls nicht s\u00e4mtliche Funktionen dieser Website vollumf\u00e4nglich werden nutzen k\u00f6nnen.<\/span><\/p>\n<p class=\"p3\"><span class=\"s1\">Unter den nachstehenden Links k\u00f6nnen Sie sich informieren, wie Sie die Cookies bei den wichtigsten Browsern verwalten (u.a. auch deaktivieren) k\u00f6nnen:<\/span><\/p>\n<p class=\"p4\"><span class=\"s3\">Chrome Browser: <a href=\"https:\/\/support.google.com\/accounts\/answer\/61416?hl=de\"><span class=\"s4\">https:\/\/support.google.com\/accounts\/answer\/61416?hl=de<\/span><\/a><\/span><\/p>\n<p class=\"p4\"><span class=\"s3\">Internet Explorer: <a href=\"https:\/\/support.microsoft.com\/de-de\/help\/17442\/windows-internet-explorer-delete-manage-cookies\"><span class=\"s4\">https:\/\/support.microsoft.com\/de-de\/help\/17442\/windows-internet-explorer-delete-manage-cookies<\/span><\/a><\/span><\/p>\n<p class=\"p4\"><span class=\"s3\">Mozilla Firefox: <a href=\"https:\/\/support.mozilla.org\/de\/kb\/cookies-erlauben-und-ablehnen\"><span class=\"s4\">https:\/\/support.mozilla.org\/de\/kb\/cookies-erlauben-und-ablehnen<\/span><\/a><\/span><\/p>\n<p class=\"p4\"><span class=\"s3\">Safari: <a href=\"https:\/\/support.apple.com\/de-de\/guide\/safari\/manage-cookies-and-website-data-sfri11471\/mac\"><span class=\"s4\">https:\/\/support.apple.com\/de-de\/guide\/safari\/manage-cookies-and-website-data-sfri11471\/mac<\/span><\/a><\/span><\/p>\n<p class=\"p3\"><span class=\"s1\"><b>Nutzung von Google Analytics <\/b><\/span><\/p>\n<p class=\"p3\"><span class=\"s1\">Wir verwenden auf unserer Website den Webanalysedienst Google Analytics der Google Inc. (1600 Amphitheatre Parkway, Mountain View, CA 94043, USA; \u201eGoogle\u201c). Die Datenverarbeitung dient dem Zweck der Analyse dieser Website und ihrer Besucher. Dazu wird Google im Auftrag des Betreibers dieser Website die gewonnenen Informationen benutzen, um Ihre Nutzung der Website auszuwerten, um Reports \u00fcber die Websiteaktivit\u00e4ten zusammenzustellen und um weitere, mit der Websitenutzung und der Internetnutzung verbundene Dienstleistungen gegen\u00fcber dem Websitebetreiber zu erbringen. Die im Rahmen von Google Analytics von Ihrem Browser \u00fcbermittelte IP-Adresse wird nicht mit anderen Daten von Google zusammengef\u00fchrt.<\/span><\/p>\n<p class=\"p3\"><span class=\"s1\">Google Analytics verwendet Cookies, die eine Analyse der Benutzung der Website durch Sie erm\u00f6glichen. Die durch die Cookies erzeugten Informationen \u00fcber Ihre Benutzung dieser Website werden in der Regel an einen Server von Google in den USA \u00fcbertragen und dort gespeichert. Auf dieser Website ist die IP-Anonymisierung aktiviert. Dadurch wird Ihre IP-Adresse von Google innerhalb von Mitgliedstaaten der Europ\u00e4ischen Union oder in anderen Vertragsstaaten des Abkommens \u00fcber den Europ\u00e4ischen Wirtschaftsraum zuvor gek\u00fcrzt. Nur in Ausnahmef\u00e4llen wird die volle IP-Adresse an einen Server von Google in den USA \u00fcbertragen und dort gek\u00fcrzt. Ihre Daten werden gegebenenfalls in die USA \u00fcbermittelt. F\u00fcr Daten\u00fcbermittlungen in die USA ist ein Angemessenheitsbeschluss der Europ\u00e4ischen Kommission vorhanden. Die Verarbeitung erfolgt auf Grundlage des Art. 6 (1) lit. f DSGVO aus dem berechtigten Interesse an der bedarfsgerechten und zielgerichteten Gestaltung der Website. <i>Sie haben das Recht aus Gr\u00fcnden, die sich aus Ihrer besonderen Situation ergeben, jederzeit dieser auf Art. 6 (1) f DSGVO beruhenden Verarbeitung Sie betreffender personenbezogener Daten zu widersprechen.<\/i><\/span><\/p>\n<p class=\"p3\"><span class=\"s1\">Sie k\u00f6nnen dazu die Speicherung der Cookies durch die Auswahl entsprechender technischer Einstellungen Ihrer Browser-Software verhindern; wir weisen Sie jedoch darauf hin, dass Sie in diesem Fall gegebenenfalls nicht s\u00e4mtliche Funktionen dieser Website vollumf\u00e4nglich werden nutzen k\u00f6nnen. Sie k\u00f6nnen des Weiteren die Erfassung der durch das Cookie erzeugten und auf Ihre Nutzung der Website bezogenen Daten (inkl. Ihrer IP-Adresse) an Google sowie die Verarbeitung dieser Daten durch Google verhindern, indem sie das unter dem folgenden Link verf\u00fcgbare Browser-Plug-in herunterladen und installieren [<a href=\"https:\/\/tools.google.com\/dlpage\/gaoptout?hl=de\"><span class=\"s2\">https:\/\/tools.google.com\/dlpage\/gaoptout?hl=de<\/span><\/a>].\u00a0Um die Erfassung durch Google Analytics ger\u00e4te\u00fcbergreifend zu verhindern k\u00f6nnen Sie einen Opt-Out-Cookie setzen. Opt-Out-Cookies verhindern die zuk\u00fcnftige Erfassung Ihrer Daten beim Besuch dieser Website. Sie m\u00fcssen das Opt-Out auf allen genutzten Systemen und Ger\u00e4ten durchf\u00fchren, damit dies umfassend wirkt. Wenn Sie hier klicken, wird das Opt-Out-Cookie gesetzt: <a><span class=\"s2\">Google Analytics deaktivieren<\/span><\/a>.<\/span><span class=\"s5\">\u00a0<\/span><\/p>\n<p class=\"p3\"><span class=\"s1\">N\u00e4here Informationen zu Nutzungsbedingungen und Datenschutz finden Sie unter <a href=\"https:\/\/www.google.com\/analytics\/terms\/de.html\"><span class=\"s2\">https:\/\/www.google.com\/analytics\/terms\/de.html<\/span><\/a> bzw. unter <a href=\"https:\/\/www.google.de\/intl\/de\/policies\/\"><span class=\"s2\">https:\/\/www.google.de\/intl\/de\/policies\/<\/span><\/a>.<\/span><\/p>\n<p class=\"p3\"><span class=\"s1\"><b>Dauer der Speicherung<\/b><\/span><\/p>\n<p class=\"p3\"><span class=\"s1\">Nach vollst\u00e4ndiger Vertragsabwicklung werden die Daten zun\u00e4chst f\u00fcr die Dauer der Gew\u00e4hrleistungsfrist, danach unter Ber\u00fccksichtigung gesetzlicher, insbesondere steuer- und handelsrechtlicher Aufbewahrungsfristen gespeichert und dann nach Fristablauf gel\u00f6scht, sofern Sie der weitergehenden Verarbeitung und Nutzung nicht zugestimmt haben.<\/span><\/p>\n<p class=\"p3\"><span class=\"s1\"><b>Rechte der betroffenen Person<\/b><\/span><\/p>\n<p class=\"p3\"><span class=\"s1\">Ihnen stehen bei Vorliegen der gesetzlichen Voraussetzungen folgende Rechte nach Art. 15 bis 20 DSGVO zu: Recht auf Auskunft, auf Berichtigung, auf L\u00f6schung, auf Einschr\u00e4nkung der Verarbeitung, auf Daten\u00fcbertragbarkeit.<\/span><\/p>\n<p class=\"p3\"><span class=\"s1\">Au\u00dferdem steht Ihnen nach Art. 21 (1) DSGVO ein Widerspruchsrecht gegen die Verarbeitungen zu, die auf Art. 6 (1) f DSGVO beruhen, sowie gegen die Verarbeitung zum Zwecke von Direktwerbung.<\/span><\/p>\n<p class=\"p3\"><span class=\"s1\">Kontaktieren Sie uns auf Wunsch. Die Kontaktdaten finden Sie in unserem Impressum.<\/span><\/p>\n<p class=\"p3\"><span class=\"s1\"><b>Beschwerderecht bei der Aufsichtsbeh\u00f6rde<\/b><\/span><\/p>\n<p class=\"p3\"><span class=\"s1\">Sie haben gem\u00e4\u00df Art. 77 DSGVO das Recht, sich bei der Aufsichtsbeh\u00f6rde zu beschweren, wenn Sie der Ansicht sind, dass die Verarbeitung Ihrer personenbezogenen Daten nicht rechtm\u00e4\u00dfig erfolgt.<\/span><\/p>\n<p class=\"p3\"><span class=\"s1\">letzte Aktualisierung: 25.04.2018<\/span><\/p>\n","protected":false},"excerpt":{"rendered":"<p>Soweit nachstehend keine anderen Angaben gemacht werden, ist die Bereitstellung Ihrer personenbezogenen Daten weder gesetzlich oder vertraglich vorgeschrieben, noch f\u00fcr einen Vertragsabschluss erforderlich. Sie sind zur Bereitstellung der Daten nicht verpflichtet. Eine Nichtbereitstellung hat keine Folgen. Dies gilt nur soweit bei den nachfolgenden Verarbeitungsvorg\u00e4ngen keine anderweitige Angabe gemacht wird. &#8222;Personenbezogene Daten&#8220; sind alle Informationen, die [&hellip;]<\/p>\n","protected":false},"author":2,"featured_media":0,"parent":0,"menu_order":0,"comment_status":"closed","ping_status":"closed","template":"","meta":{"footnotes":""},"class_list":["post-8","page","type-page","status-publish","hentry"],"_links":{"self":[{"href":"https:\/\/renk-magazin.de\/shop\/wp-json\/wp\/v2\/pages\/8","targetHints":{"allow":["GET"]}}],"collection":[{"href":"https:\/\/renk-magazin.de\/shop\/wp-json\/wp\/v2\/pages"}],"about":[{"href":"https:\/\/renk-magazin.de\/shop\/wp-json\/wp\/v2\/types\/page"}],"author":[{"embeddable":true,"href":"https:\/\/renk-magazin.de\/shop\/wp-json\/wp\/v2\/users\/2"}],"replies":[{"embeddable":true,"href":"https:\/\/renk-magazin.de\/shop\/wp-json\/wp\/v2\/comments?post=8"}],"version-history":[{"count":4,"href":"https:\/\/renk-magazin.de\/shop\/wp-json\/wp\/v2\/pages\/8\/revisions"}],"predecessor-version":[{"id":3410,"href":"https:\/\/renk-magazin.de\/shop\/wp-json\/wp\/v2\/pages\/8\/revisions\/3410"}],"wp:attachment":[{"href":"https:\/\/renk-magazin.de\/shop\/wp-json\/wp\/v2\/media?parent=8"}],"curies":[{"name":"wp","href":"https:\/\/api.w.org\/{rel}","templated":true}]}}