{"id":15,"date":"2017-11-05T15:28:29","date_gmt":"2017-11-05T14:28:29","guid":{"rendered":"https:\/\/renk-magazin.de\/shop\/?page_id=15"},"modified":"2022-01-10T12:46:55","modified_gmt":"2022-01-10T11:46:55","slug":"about","status":"publish","type":"page","link":"https:\/\/renk-magazin.de\/shop\/about\/","title":{"rendered":"about"},"content":{"rendered":"<p><span class=\"zwischentitel-links\">renk., das ist T\u00fcrkisch und hei\u00dft auf Deutsch \u201eFarbe\u201c.<\/span><\/p>\n<p>renk. ist das erste Magazin mit Perspektiven von und f\u00fcr People of Color und allen Interessierten und den Schwerpunkten Diversit\u00e4t, Anti-Rassismus, LGBTQI+, Kunst und Kultur.<\/p>\n<p>Mit dieser Plattform m\u00f6chten wir ein buntes Deutschland in all seinen Farbfacetten aufzeigen. Wir portraitieren seit Anfang 2013 Menschen und Projekte, veranstalten Events, produzieren Podcasts, machen Kampagnen und ver\u00f6ffentlichen Artikel online und in Form von Print. renk. verwendet den Aspekt der Kreativit\u00e4t zur \u00dcbermittlung von Identit\u00e4t und Kultur jenseits des Mainstreams.<\/p>\n<p><strong>Einen dicken Applaus bitte! Anfang M\u00e4rz 2013<\/strong>\u00a0wurde das Magazin von\u00a0Melisa Karaku\u015f\u00a0ins Leben gerufen.\u00a0Die Redaktion, auch genannt \u201crenklis\u201d (z.dt.: die Bunten), zeichnen das Projekt aus und verdienen einen fetten Applaus f\u00fcr ihr soziales Engagement, denn alle bei renk. arbeiten ehrenamtlich.<\/p>\n","protected":false},"excerpt":{"rendered":"<p>renk., das ist T\u00fcrkisch und hei\u00dft auf Deutsch \u201eFarbe\u201c. renk. ist das erste Magazin mit Perspektiven von und f\u00fcr People of Color und allen Interessierten und den Schwerpunkten Diversit\u00e4t, Anti-Rassismus, LGBTQI+, Kunst und Kultur. Mit dieser Plattform m\u00f6chten wir ein buntes Deutschland in all seinen Farbfacetten aufzeigen. Wir portraitieren seit Anfang 2013 Menschen und Projekte, [&hellip;]<\/p>\n","protected":false},"author":2,"featured_media":0,"parent":0,"menu_order":0,"comment_status":"closed","ping_status":"closed","template":"","meta":{"footnotes":""},"class_list":["post-15","page","type-page","status-publish","hentry"],"_links":{"self":[{"href":"https:\/\/renk-magazin.de\/shop\/wp-json\/wp\/v2\/pages\/15","targetHints":{"allow":["GET"]}}],"collection":[{"href":"https:\/\/renk-magazin.de\/shop\/wp-json\/wp\/v2\/pages"}],"about":[{"href":"https:\/\/renk-magazin.de\/shop\/wp-json\/wp\/v2\/types\/page"}],"author":[{"embeddable":true,"href":"https:\/\/renk-magazin.de\/shop\/wp-json\/wp\/v2\/users\/2"}],"replies":[{"embeddable":true,"href":"https:\/\/renk-magazin.de\/shop\/wp-json\/wp\/v2\/comments?post=15"}],"version-history":[{"count":5,"href":"https:\/\/renk-magazin.de\/shop\/wp-json\/wp\/v2\/pages\/15\/revisions"}],"predecessor-version":[{"id":11644,"href":"https:\/\/renk-magazin.de\/shop\/wp-json\/wp\/v2\/pages\/15\/revisions\/11644"}],"wp:attachment":[{"href":"https:\/\/renk-magazin.de\/shop\/wp-json\/wp\/v2\/media?parent=15"}],"curies":[{"name":"wp","href":"https:\/\/api.w.org\/{rel}","templated":true}]}}