{"id":10,"date":"2017-11-04T15:03:57","date_gmt":"2017-11-04T14:03:57","guid":{"rendered":"https:\/\/renk-magazin.de\/shop\/agb\/"},"modified":"2020-04-20T12:41:14","modified_gmt":"2020-04-20T10:41:14","slug":"agb","status":"publish","type":"page","link":"https:\/\/renk-magazin.de\/shop\/agb\/","title":{"rendered":"AGB"},"content":{"rendered":"<p class=\"p1\"><span class=\"s1\"><b>Allgemeine Gesch\u00e4ftsbedingungen und Kundeninformationen<\/b><\/span><\/p>\n<p class=\"p3\"><span class=\"s1\"><b>I. Allgemeine Gesch\u00e4ftsbedingungen<\/b><\/span><\/p>\n<p class=\"p3\"><span class=\"s1\"><b>\u00a7 1 Grundlegende Bestimmungen<\/b><\/span><\/p>\n<p class=\"p4\"><span class=\"s1\"><b>(1)<\/b> Die nachstehenden Gesch\u00e4ftsbedingungen gelten f\u00fcr alle Vertr\u00e4ge, die Sie mit uns als Anbieter (Karakus \/ Schuster GbR) \u00fcber die Internetseite http:\/\/renk-magazin.de\/shop schlie\u00dfen. Soweit nicht anders vereinbart, wird der Einbeziehung gegebenenfalls von Ihnen verwendeter eigener Bedingungen widersprochen.<\/span><\/p>\n<p class=\"p4\"><span class=\"s1\"><b>(2)<\/b> Verbraucher im Sinne der nachstehenden Regelungen ist jede nat\u00fcrliche Person, die ein Rechtsgesch\u00e4ft zu Zwecken abschlie\u00dft, die \u00fcberwiegend weder ihrer gewerblichen noch ihrer selbst\u00e4ndigen beruflichen T\u00e4tigkeit zugerechnet werden kann. Unternehmer ist jede nat\u00fcrliche oder juristische Person oder eine rechtsf\u00e4hige Personengesellschaft, die bei Abschluss eines Rechtsgesch\u00e4fts in Aus\u00fcbung ihrer selbst\u00e4ndigen beruflichen oder gewerblichen T\u00e4tigkeit handelt.<\/span><\/p>\n<p class=\"p3\"><span class=\"s1\"><b>\u00a7 2 Zustandekommen des Vertrages<\/b><\/span><\/p>\n<p class=\"p4\"><span class=\"s1\"><b>(1)<\/b> Gegenstand des Vertrages ist der Verkauf von Waren.<\/span><\/p>\n<p class=\"p4\"><span class=\"s1\"><b>(2)<\/b> Bereits mit dem Einstellen des jeweiligen Produkts auf unserer Internetseite unterbreiten wir Ihnen ein verbindliches Angebot zum Abschluss eines Vertrages zu den in der Artikelbeschreibung angegebenen Bedingungen.<\/span><span class=\"s2\">\u00a0<\/span><\/p>\n<p class=\"p4\"><span class=\"s1\"><b>(3)<\/b> Der Vertrag kommt \u00fcber das Online-Warenkorbsystem wie folgt zustande:<\/span><\/p>\n<p class=\"p4\"><span class=\"s1\">Die zum Kauf beabsichtigten Waren werden im &#8222;Warenkorb&#8220; abgelegt. \u00dcber die entsprechende Schaltfl\u00e4che in der Navigationsleiste k\u00f6nnen Sie den &#8222;Warenkorb&#8220; aufrufen und dort jederzeit \u00c4nderungen vornehmen.<\/span><\/p>\n<p class=\"p4\"><span class=\"s1\">Nach Aufrufen der Seite &#8222;Kasse&#8220; und der Eingabe der pers\u00f6nlichen Daten sowie der Zahlungs- und Versandbedingungen werden abschlie\u00dfend nochmals alle Bestelldaten auf der Bestell\u00fcbersichtsseite angezeigt.<\/span><\/p>\n<p class=\"p4\"><span class=\"s1\">Soweit Sie als Zahlungsart ein Sofortzahl-System (z.B. PayPal \/ PayPal Express, Amazon-Payments, Postpay, Sofort) nutzen, werden Sie entweder in unserem Online-Shop auf die Bestell\u00fcbersichtsseite gef\u00fchrt oder Sie werden zun\u00e4chst auf die Internetseite des Anbieters des Sofortzahl-Systems weitergeleitet.<\/span><\/p>\n<p class=\"p4\"><span class=\"s1\">Erfolgt die Weiterleitung zu dem jeweiligen Sofortzahl-System, nehmen Sie dort die entsprechende Auswahl bzw. Eingabe Ihrer Daten vor. Abschlie\u00dfend werden Sie zur\u00fcck in unseren Online-Shop auf die Bestell\u00fcbersichtsseite geleitet.<\/span><\/p>\n<p class=\"p4\"><span class=\"s1\">Vor Absenden der Bestellung haben Sie die M\u00f6glichkeit, hier s\u00e4mtliche Angaben nochmals zu \u00fcberpr\u00fcfen, zu \u00e4ndern (auch \u00fcber die Funktion \u201ezur\u00fcck&#8220; des Internetbrowsers) bzw. den Kauf abzubrechen. <\/span><\/p>\n<p class=\"p4\"><span class=\"s1\">Mit dem Absenden der Bestellung \u00fcber die Schaltfl\u00e4che &#8222;kaufen&#8220; erkl\u00e4ren Sie rechtsverbindlich die Annahme des Angebotes, wodurch der Vertrag zustande kommt. <\/span><\/p>\n<p class=\"p4\"><span class=\"s1\"><b>(4)<\/b> Die Abwicklung der Bestellung und \u00dcbermittlung aller im Zusammenhang mit dem Vertragsschluss erforderlichen Informationen erfolgt per E-Mail zum Teil automatisiert. Sie haben deshalb sicherzustellen, dass die von Ihnen bei uns hinterlegte E-Mail-Adresse zutreffend ist, der Empfang der E-Mails technisch sichergestellt und insbesondere nicht durch SPAM-Filter verhindert wird.<\/span><\/p>\n<p class=\"p3\"><span class=\"s1\"><b>\u00a7 3 Zur\u00fcckbehaltungsrecht, Eigentumsvorbehalt<\/b><\/span><\/p>\n<p class=\"p4\"><span class=\"s1\"><b>(1)<\/b> Ein Zur\u00fcckbehaltungsrecht k\u00f6nnen Sie nur aus\u00fcben, soweit es sich um Forderungen aus demselben Vertragsverh\u00e4ltnis handelt.<\/span><\/p>\n<p class=\"p4\"><span class=\"s1\"><b>(2)<\/b> \u00a0Die Ware bleibt bis zur vollst\u00e4ndigen Zahlung des Kaufpreises unser Eigentum.<\/span><\/p>\n<p class=\"p3\"><span class=\"s1\"><b>\u00a7 4 Gew\u00e4hrleistung<\/b><\/span><\/p>\n<p class=\"p4\"><span class=\"s1\"><b>(1) <\/b>Es bestehen die gesetzlichen M\u00e4ngelhaftungsrechte.<\/span><\/p>\n<p class=\"p4\"><span class=\"s1\"><b>(2)<\/b>\u00a0Als Verbraucher werden Sie gebeten, die Sache bei Lieferung umgehend auf Vollst\u00e4ndigkeit, offensichtliche M\u00e4ngel und Transportsch\u00e4den zu \u00fcberpr\u00fcfen und uns sowie dem Spediteur Beanstandungen schnellstm\u00f6glich mitzuteilen. Kommen Sie dem nicht nach, hat dies keine Auswirkung auf Ihre gesetzlichen Gew\u00e4hrleistungsanspr\u00fcche.<\/span><\/p>\n<p class=\"p3\"><span class=\"s1\"><b>\u00a7 5 Rechtswahl<\/b><\/span><\/p>\n<p class=\"p4\"><span class=\"s1\"><b>(1) <\/b>\u00a0Es gilt deutsches Recht. Bei Verbrauchern gilt diese Rechtswahl nur, soweit hierdurch der durch zwingende Bestimmungen des Rechts des Staates des gew\u00f6hnlichen Aufenthaltes des Verbrauchers gew\u00e4hrte Schutz nicht entzogen wird (G\u00fcnstigkeitsprinzip).<\/span><\/p>\n<p class=\"p4\"><span class=\"s1\"><b>(2)<\/b>\u00a0 Die Bestimmungen des UN-Kaufrechts finden ausdr\u00fccklich keine Anwendung.<\/span><\/p>\n<p class=\"p4\"><span class=\"s1\">_______________________________________________________________________________________<\/span><\/p>\n<p class=\"p3\"><span class=\"s1\"><b>II. Kundeninformationen <\/b><\/span><\/p>\n<p class=\"p3\"><span class=\"s1\"><b>1. Identit\u00e4t des Verk\u00e4ufers<\/b><\/span><\/p>\n<p class=\"p4\"><span class=\"s1\">Karakus &amp; Schuster UG<\/span><\/p>\n<p class=\"p4\"><span class=\"s1\">Liebenwalder Str. 1<\/span><\/p>\n<p class=\"p4\"><span class=\"s1\">13347 Berlin<\/span><\/p>\n<p class=\"p4\"><span class=\"s1\">Deutschland<\/span><\/p>\n<p class=\"p4\"><span class=\"s1\">Telefon: 017681189046<\/span><\/p>\n<p class=\"p4\"><span class=\"s1\">E-Mail: bestellen@renk-magazin.de<\/span><\/p>\n<p class=\"p4\"><span class=\"s1\"><b>Alternative Streitbeilegung:<\/b><\/span><\/p>\n<p class=\"p4\"><span class=\"s1\">Die Europ\u00e4ische Kommission stellt eine Plattform f\u00fcr die au\u00dfergerichtliche Online-Streitbeilegung (OS-Plattform) bereit, aufrufbar unter <a href=\"https:\/\/ec.europa.eu\/odr\"><span class=\"s3\">https:\/\/ec.europa.eu\/odr<\/span><\/a>.<\/span><\/p>\n<p class=\"p3\"><span class=\"s1\"><b>2. Informationen zum Zustandekommen des Vertrages<\/b><\/span><\/p>\n<p class=\"p4\"><span class=\"s1\">Die technischen Schritte zum Vertragsschluss, der Vertragsschluss selbst und die Korrekturm\u00f6glichkeiten erfolgen nach Ma\u00dfgabe der Regelungen &#8222;Zustandekommen des Vertrages&#8220; unserer Allgemeinen Gesch\u00e4ftsbedingungen (Teil I.).<\/span><\/p>\n<p class=\"p3\"><span class=\"s1\"><b>3. Vertragssprache, Vertragstextspeicherung<\/b><\/span><\/p>\n<p class=\"p4\"><span class=\"s1\">3.1. Vertragssprache ist deutsch.<\/span><\/p>\n<p class=\"p4\"><span class=\"s1\">3.2. Der vollst\u00e4ndige Vertragstext wird von uns nicht gespeichert. Vor Absenden der Bestellung \u00fcber das Online &#8211; Warenkorbsystem \u00a0k\u00f6nnen die Vertragsdaten \u00fcber die Druckfunktion des Browsers ausgedruckt oder elektronisch gesichert werden. Nach Zugang der Bestellung bei uns werden die Bestelldaten, die gesetzlich vorgeschriebenen Informationen bei Fernabsatzvertr\u00e4gen und die Allgemeinen Gesch\u00e4ftsbedingungen nochmals per E-Mail an Sie \u00fcbersandt.<\/span><\/p>\n<p class=\"p3\"><span class=\"s1\"><b>4. Wesentliche Merkmale der Ware oder Dienstleistung<\/b><\/span><\/p>\n<p class=\"p4\"><span class=\"s1\">Die wesentlichen Merkmale der Ware und\/oder Dienstleistung finden sich im jeweiligen Angebot.<\/span><\/p>\n<p class=\"p3\"><span class=\"s1\"><b>5. Preise und Zahlungsmodalit\u00e4ten<\/b><\/span><\/p>\n<p class=\"p4\"><span class=\"s1\">5.1. Die in den jeweiligen Angeboten angef\u00fchrten Preise sowie die Versandkosten stellen Gesamtpreise dar. Sie beinhalten alle Preisbestandteile einschlie\u00dflich aller anfallenden Steuern.<\/span><\/p>\n<p class=\"p4\"><span class=\"s1\">5.2. Die anfallenden Versandkosten sind nicht im Kaufpreis enthalten.\u00a0Sie sind \u00fcber eine entsprechend bezeichnete Schaltfl\u00e4che auf unserer Internetpr\u00e4senz oder im jeweiligen Angebot aufrufbar,\u00a0werden im Laufe des Bestellvorganges gesondert ausgewiesen und sind von Ihnen zus\u00e4tzlich zu tragen, soweit nicht die versandkostenfreie Lieferung zugesagt ist.<\/span><\/p>\n<p class=\"p4\"><span class=\"s1\">5.3. Erfolgt die Lieferung in L\u00e4nder au\u00dferhalb der Europ\u00e4ischen Union k\u00f6nnen von uns nicht zu vertretende weitere Kosten anfallen, wie z.B. Z\u00f6lle, Steuern oder Geld\u00fcbermittlungsgeb\u00fchren (\u00dcberweisungs- oder Wechselkursgeb\u00fchren der Kreditinstitute), die von Ihnen zu tragen sind.\u00a0Entstandene Kosten der Geld\u00fcbermittlung sind von Ihnen auch in den F\u00e4llen zu tragen, in denen die Lieferung in einen EU-Mitgliedsstaat erfolgt, die Zahlung aber au\u00dferhalb der Europ\u00e4ischen Union veranlasst wurde.<\/span><\/p>\n<p class=\"p4\"><span class=\"s1\">5.4. Die Ihnen zur Verf\u00fcgung stehenden Zahlungsarten sind unter einer entsprechend bezeichneten Schaltfl\u00e4che auf unserer Internetpr\u00e4senz oder im jeweiligen Angebot ausgewiesen.<\/span><\/p>\n<p class=\"p4\"><span class=\"s1\">5.5. Soweit bei den einzelnen Zahlungsarten nicht anders angegeben, sind die Zahlungsanspr\u00fcche aus dem geschlossenen Vertrag sofort zur Zahlung f\u00e4llig.<\/span><\/p>\n<p class=\"p3\"><span class=\"s1\"><b>6. Lieferbedingungen<\/b><\/span><\/p>\n<p class=\"p4\"><span class=\"s1\">6.1. Die Lieferbedingungen, der Liefertermin sowie gegebenenfalls bestehende Lieferbeschr\u00e4nkungen finden sich unter einer entsprechend bezeichneten Schaltfl\u00e4che auf unserer Internetpr\u00e4senz oder im jeweiligen Angebot.<\/span><\/p>\n<p class=\"p4\"><span class=\"s1\">6.2. Soweit Sie Verbraucher sind ist gesetzlich geregelt, dass die Gefahr des zuf\u00e4lligen Untergangs und der zuf\u00e4lligen Verschlechterung der verkauften Sache w\u00e4hrend der Versendung erst mit der \u00dcbergabe der Ware an Sie \u00fcbergeht, unabh\u00e4ngig davon, ob die Versendung versichert oder unversichert erfolgt. Dies gilt nicht, wenn Sie eigenst\u00e4ndig ein nicht vom Unternehmer benanntes Transportunternehmen oder eine sonst zur Ausf\u00fchrung der Versendung bestimmte Person beauftragt haben. <\/span><\/p>\n<p class=\"p3\"><span class=\"s1\"><b>7. Gesetzliches M\u00e4ngelhaftungsrecht <\/b><\/span><\/p>\n<p class=\"p4\"><span class=\"s1\">Die M\u00e4ngelhaftung richtet sich nach der Regelung &#8222;Gew\u00e4hrleistung&#8220; in unseren Allgemeinen Gesch\u00e4ftsbedingungen (Teil I). <\/span><\/p>\n<p class=\"p4\"><span class=\"s1\">Diese AGB und Kundeninformationen wurden von den auf IT-Recht spezialisierten Juristen des H\u00e4ndlerbundes erstellt und werden permanent auf Rechtskonformit\u00e4t gepr\u00fcft. Die H\u00e4ndlerbund Management AG garantiert f\u00fcr die Rechtssicherheit der Texte und haftet im Falle von Abmahnungen. N\u00e4here Informationen dazu finden Sie unter: <a href=\"https:\/\/www.haendlerbund.de\/agb-service\"><span class=\"s3\">https:\/\/www.haendlerbund.de\/agb-service<\/span><\/a>.<\/span><\/p>\n<p class=\"p4\"><span class=\"s1\">letzte Aktualisierung: 07.12.2017<\/span><\/p>\n","protected":false},"excerpt":{"rendered":"<p>Allgemeine Gesch\u00e4ftsbedingungen und Kundeninformationen I. Allgemeine Gesch\u00e4ftsbedingungen \u00a7 1 Grundlegende Bestimmungen (1) Die nachstehenden Gesch\u00e4ftsbedingungen gelten f\u00fcr alle Vertr\u00e4ge, die Sie mit uns als Anbieter (Karakus \/ Schuster GbR) \u00fcber die Internetseite http:\/\/renk-magazin.de\/shop schlie\u00dfen. Soweit nicht anders vereinbart, wird der Einbeziehung gegebenenfalls von Ihnen verwendeter eigener Bedingungen widersprochen. (2) Verbraucher im Sinne der nachstehenden Regelungen [&hellip;]<\/p>\n","protected":false},"author":2,"featured_media":0,"parent":0,"menu_order":0,"comment_status":"closed","ping_status":"closed","template":"","meta":{"footnotes":""},"class_list":["post-10","page","type-page","status-publish","hentry"],"_links":{"self":[{"href":"https:\/\/renk-magazin.de\/shop\/wp-json\/wp\/v2\/pages\/10","targetHints":{"allow":["GET"]}}],"collection":[{"href":"https:\/\/renk-magazin.de\/shop\/wp-json\/wp\/v2\/pages"}],"about":[{"href":"https:\/\/renk-magazin.de\/shop\/wp-json\/wp\/v2\/types\/page"}],"author":[{"embeddable":true,"href":"https:\/\/renk-magazin.de\/shop\/wp-json\/wp\/v2\/users\/2"}],"replies":[{"embeddable":true,"href":"https:\/\/renk-magazin.de\/shop\/wp-json\/wp\/v2\/comments?post=10"}],"version-history":[{"count":5,"href":"https:\/\/renk-magazin.de\/shop\/wp-json\/wp\/v2\/pages\/10\/revisions"}],"predecessor-version":[{"id":9699,"href":"https:\/\/renk-magazin.de\/shop\/wp-json\/wp\/v2\/pages\/10\/revisions\/9699"}],"wp:attachment":[{"href":"https:\/\/renk-magazin.de\/shop\/wp-json\/wp\/v2\/media?parent=10"}],"curies":[{"name":"wp","href":"https:\/\/api.w.org\/{rel}","templated":true}]}}